{"id":1025,"date":"2012-02-14T10:48:05","date_gmt":"2012-02-14T10:48:05","guid":{"rendered":"https:\/\/uwf-online.de\/?page_id=1025"},"modified":"2012-02-20T14:01:11","modified_gmt":"2012-02-20T14:01:11","slug":"uwf-abstimmung-zum-aldi-markt","status":"publish","type":"page","link":"https:\/\/uwf-online.de\/?page_id=1025","title":{"rendered":"UWF-Abstimmung zum Aldi-Markt"},"content":{"rendered":"<p>\u00dcber den\u00a0geplanten Umzug der Aldi-Filiale ist in Flintbek\u00a0seit der Einwohnerversammlung am\u00a009. Januar 2012 viel diskutiert worden. \u00a0Wir wollten es genauer wissen und hatten deshalb vom 18. Januar bis zum 14. Februar 2012 eine \u00f6ffentliche Umfrage auf unserer Homepage durchgef\u00fchrt. Hierbei konnte anonym \u00fcber den Umzug abgestimmt werden:<\/p>\n<p>\u00a0<img loading=\"lazy\" decoding=\"async\" class=\"alignleft size-full wp-image-1091\" title=\"uwf-vote\" src=\"https:\/\/uwf-online.de\/wp-content\/uploads\/2012\/02\/uwf-vote3.jpg\" alt=\"\" width=\"361\" height=\"341\" srcset=\"https:\/\/uwf-online.de\/wp-content\/uploads\/2012\/02\/uwf-vote3.jpg 361w, https:\/\/uwf-online.de\/wp-content\/uploads\/2012\/02\/uwf-vote3-300x283.jpg 300w\" sizes=\"auto, (max-width: 361px) 100vw, 361px\" \/>Bis zum 25. Januar 2012 wurden insgesamt 1040 Stimmen abgegeben. Bis zu diesem Zeitpunkt sprachen sich 49% der abgegebenen Stimmen f\u00fcr und 50% gegen den geplanten Umzug aus. 1% hatte dazu keine Position bezogen.\u00a0<\/p>\n<p>Uns ist durchaus bewusst, dass eine anonyme Internetabstimmung, bei der man nicht wei\u00df, wer sich beteiligt und wie oft, nicht den Anspruch einer repr\u00e4sentativen\u00a0Abstimmung erf\u00fcllt. Dennoch war diese Umfrage ein aufschlussreiches Stimmungsbild f\u00fcr das hohe Interesse, die dieses Thema in Flintbek\u00a0ausgel\u00f6st hat.<\/p>\n<p>Nach dem 25. Januar 2012 verlie\u00df das Ergebnis dann leider den Bereich einer neutralen Umfrage, denn ab diesem Termin wurde die Abstimmung dann offensichtlich manipuliert. So wurden zum Teil \u00fcber Nacht mehrere 100 Stimmen f\u00fcr und gegen den Umzug abgegeben. Es gipfelte schlie\u00dflich darin, dass in wenigen Stunden \u00fcber 700 Stimmen f\u00fcr die eine Position abgegeben wurden.\u00a0<\/p>\n<p>Bis zum 14. Februar 2012 wurden insgesamt 3269\u00a0Stimmen abgegeben. Hierbei hat sich die Mehrheit der abgegebenen Stimmen (62%) gegen und die Minderheit (37%) f\u00fcr den Umzug ausgesprochen. Wiederum 1% hatte keine Position eingenommen.\u00a0<\/p>\n<p>Besonders dankbar sind wir f\u00fcr die zahlreichen inhaltlichen Beitr\u00e4ge, die Sie uns \u00fcber unser Kontaktformular oder per E-Mail zugesandt haben. Hieraus erschlie\u00dft sich uns ein sehr breit gef\u00e4chertes Meinungsbild. Aus diesen inhaltlichen Beitr\u00e4gen ergibt sich \u2013 wie auch das Abstimmungsergebnis bis zum 25. Januar 2012 gezeigt hatte &#8211; ein relativ ausgewogenes Verh\u00e4ltnis der Bef\u00fcrworter und der Gegner des geplanten Umzuges. \u00a0In den Stellungnahmen kamen von absoluter Bef\u00fcrwortung &#8211; Zitat:\u201e \u2026 Gr\u00fcnfl\u00e4che ist unn\u00fctz\u2026 \u201e- bis zur kompletten Ablehnung &#8211; Zitat \u201e\u2026. die Gr\u00fcnfl\u00e4che ist eine Oase f\u00fcr Augen und Seele\u2026\u201c- alle Meinungen vor.<\/p>\n<p><span style=\"text-decoration: underline;\">Zum Hintergrund:<\/span>\u00a0<\/p>\n<p>Am 09. Januar 2012 fand im Rathaus eine Einwohnerversammlung statt. Dabei wurden Aldi\u00b4s Pl\u00e4ne f\u00fcr einen Umzug der Filiale vom bisherigen Standort in der Lise-Meitner Str. 3 an den neuen Standort auf dem Grundst\u00fcck \u201eM\u00fcllersh\u00f6rn\/Ecke Eiderkamp\u201c vorgestellt. Die Aldi-Filiale soll, so die Firmenvertreter,\u00a0durch den Umzug n\u00e4her in das Dorfzentrum verlagert werden und dadurch\u00a0f\u00fcr \u00e4ltere und gehbehinderte Personen leichter zu erreichen sein. Da am neuen Standort nicht gen\u00fcgend Parkm\u00f6glichkeiten vorhanden sind, soll f\u00fcr die neue Aldi-Filiale die Gr\u00fcnfl\u00e4che am Eiderkamp in einen Parkplatz umgewandelt werden.<\/p>\n<p>Die\u00a0 Mehrheit der bei der Versammlung anwesenden Einwohnerinnen und Einwohner sprachen sich deutlich gegen diese Planungen aus. Dabei wurde u.a. vorgetragen, dass durch die Umwidmung der Gr\u00fcnfl\u00e4che in einen Parkplatz das Ortsbild\u00a0negativ\u00a0ver\u00e4ndert wird. Die Bef\u00fcrworter der Planungen sahen das Votum der Einwohnerversammlung nicht als repr\u00e4sentativ an, da sie davon ausgehen, dass sich\u00a0von vornherein\u00a0nur die Gegner der Planungen entschieden h\u00e4tten, zur Einwohnerversammlung zu gehen.<\/p>\n<p><span style=\"color: #ff6600;\"><strong>Die UWF bedankt sich\u00a0bei allen Teilnehmerinnen und Teilnehmern\u00a0der Abstimmung. Unser besonderer Dank geht an die Absender der schriftlichen Beitr\u00e4ge. Hier sind sehr viele Anregungen f\u00fcr eine Ortsgestaltung sachlich und f\u00fcr uns teilweise neu vorgetragen worden. Wir werden diese Ideen in die politische Diskussion in Flintbek einbringen.<\/strong><\/span><\/p>\n","protected":false},"excerpt":{"rendered":"<p>\u00dcber den\u00a0geplanten Umzug der Aldi-Filiale ist in Flintbek\u00a0seit der Einwohnerversammlung am\u00a009. Januar 2012 viel diskutiert worden. \u00a0Wir wollten es genauer wissen und hatten deshalb vom 18. Januar bis zum 14. Februar 2012 eine \u00f6ffentliche Umfrage auf unserer Homepage durchgef\u00fchrt. Hierbei konnte anonym \u00fcber den Umzug abgestimmt werden: \u00a0Bis zum 25. Januar 2012 wurden insgesamt 1040 [&hellip;]<\/p>\n","protected":false},"author":2,"featured_media":0,"parent":0,"menu_order":0,"comment_status":"open","ping_status":"closed","template":"","meta":{"footnotes":""},"class_list":["post-1025","page","type-page","status-publish","hentry","entry"],"_links":{"self":[{"href":"https:\/\/uwf-online.de\/index.php?rest_route=\/wp\/v2\/pages\/1025","targetHints":{"allow":["GET"]}}],"collection":[{"href":"https:\/\/uwf-online.de\/index.php?rest_route=\/wp\/v2\/pages"}],"about":[{"href":"https:\/\/uwf-online.de\/index.php?rest_route=\/wp\/v2\/types\/page"}],"author":[{"embeddable":true,"href":"https:\/\/uwf-online.de\/index.php?rest_route=\/wp\/v2\/users\/2"}],"replies":[{"embeddable":true,"href":"https:\/\/uwf-online.de\/index.php?rest_route=%2Fwp%2Fv2%2Fcomments&post=1025"}],"version-history":[{"count":75,"href":"https:\/\/uwf-online.de\/index.php?rest_route=\/wp\/v2\/pages\/1025\/revisions"}],"predecessor-version":[{"id":1029,"href":"https:\/\/uwf-online.de\/index.php?rest_route=\/wp\/v2\/pages\/1025\/revisions\/1029"}],"wp:attachment":[{"href":"https:\/\/uwf-online.de\/index.php?rest_route=%2Fwp%2Fv2%2Fmedia&parent=1025"}],"curies":[{"name":"wp","href":"https:\/\/api.w.org\/{rel}","templated":true}]}}