{"id":208,"date":"2011-02-21T15:38:51","date_gmt":"2011-02-21T15:38:51","guid":{"rendered":"http:\/\/uwflintbek.wordpress.com\/?page_id=208"},"modified":"2012-11-28T07:56:22","modified_gmt":"2012-11-28T07:56:22","slug":"kinder-und-jugendliche","status":"publish","type":"page","link":"https:\/\/uwf-online.de\/?page_id=208","title":{"rendered":"Familien, Kinder und Jugendliche"},"content":{"rendered":"<p>Die Lebenschancen eines jeden Menschen werden fr\u00fchzeitig durch das Familienleben beeinflusst. In Problemf\u00e4llen m\u00fcssen alle Familien unterst\u00fctzt werden, die aus eigener Kraft ihre Probleme nicht l\u00f6sen k\u00f6nnen.<\/p>\n<p>Die\u00a0UWF\u00a0will faire Chancen f\u00fcr alle Kinder von Anfang an schaffen. Dazu m\u00fcssen Rahmenbedingungen geschaffen werden, die es den Kindern und ihren Familien erm\u00f6glichen, unabh\u00e4ngig von ihrer Herkunft am gesellschaftlichen Leben teilzunehmen.\u00a0Besondere Unterst\u00fctzung brauchen Kinder, die unter schwierigen Lebensbedingungen aufwachsen.\u00a0Wir setzen\u00a0deshalb auf die Verbesserung der gesellschaftlichen Strukturen f\u00fcr Kinder und f\u00fcr ihre Eltern. Dazu geh\u00f6ren F\u00f6rderung und Bildung, Beratung, verl\u00e4ssliche Netzwerke und fr\u00fche Hilfen. Die UWF\u00a0unterst\u00fctzt bedarfsgerechte Betreuungsangebote\u00a0in der Kindertagespflege, insbesondere flexible familiennahe\u00a0Betreuungsformen. Wir werden uns auch weiterhin f\u00fcr ein Kindergartenangebot\u00a0einsetzen, welches Elternw\u00fcnsche weitreichend erf\u00fcllt und durch einen wirtschaftlichen Betrieb bezahlbar bleibt. Durch unsere Initiative (Antrag) wurde die\u00a0Betreuung von Kleinkindern unter 3 Jahren (Anbau der Kita Storchennest, Neubau des Gemeindekindergartens) in Flintbek zukunftsf\u00e4hig sichergestellt. Hier werden wir die zuk\u00fcnftigen Entwicklungen aufmerksam beobachten, damit bedarfsorientiert weiter geplant werden kann.\u00a0<\/p>\n<p>Eine gute Jugendpolitik\u00a0erfordert Teilhabe der Jugendlichen an gesellschaftlichen Entscheidungsprozessen. Jugendliche m\u00fcssen lernen, aktiv zu werden und ihre Chancen zu nutzen. Wir wollen, dass benachteiligte junge Menschen und Jugendliche mit Migrationshintergrund\u00a0besonders gef\u00f6rdert werden. Jugendliche m\u00fcssen\u00a0rechtzeitig an demokratische Grundwerte herangef\u00fchrt und zu\u00a0 einem toleranten Miteinander erzogen werden. Wir unterst\u00fctzten internationale Begegnungen der Jugendlichen, z.B. im Rahmen von Austauschprojekten\u00a0mit unserer norditalienischen\u00a0Partnerschaftsgemeinde\u00a0Romano D&#8217;Ezzelino.<\/p>\n","protected":false},"excerpt":{"rendered":"<p>Die Lebenschancen eines jeden Menschen werden fr\u00fchzeitig durch das Familienleben beeinflusst. In Problemf\u00e4llen m\u00fcssen alle Familien unterst\u00fctzt werden, die aus eigener Kraft ihre Probleme nicht l\u00f6sen k\u00f6nnen. Die\u00a0UWF\u00a0will faire Chancen f\u00fcr alle Kinder von Anfang an schaffen. Dazu m\u00fcssen Rahmenbedingungen geschaffen werden, die es den Kindern und ihren Familien erm\u00f6glichen, unabh\u00e4ngig von ihrer Herkunft am [&hellip;]<\/p>\n","protected":false},"author":2,"featured_media":0,"parent":191,"menu_order":0,"comment_status":"closed","ping_status":"closed","template":"","meta":{"footnotes":""},"class_list":["post-208","page","type-page","status-publish","hentry","entry"],"_links":{"self":[{"href":"https:\/\/uwf-online.de\/index.php?rest_route=\/wp\/v2\/pages\/208","targetHints":{"allow":["GET"]}}],"collection":[{"href":"https:\/\/uwf-online.de\/index.php?rest_route=\/wp\/v2\/pages"}],"about":[{"href":"https:\/\/uwf-online.de\/index.php?rest_route=\/wp\/v2\/types\/page"}],"author":[{"embeddable":true,"href":"https:\/\/uwf-online.de\/index.php?rest_route=\/wp\/v2\/users\/2"}],"replies":[{"embeddable":true,"href":"https:\/\/uwf-online.de\/index.php?rest_route=%2Fwp%2Fv2%2Fcomments&post=208"}],"version-history":[{"count":1,"href":"https:\/\/uwf-online.de\/index.php?rest_route=\/wp\/v2\/pages\/208\/revisions"}],"predecessor-version":[{"id":1207,"href":"https:\/\/uwf-online.de\/index.php?rest_route=\/wp\/v2\/pages\/208\/revisions\/1207"}],"up":[{"embeddable":true,"href":"https:\/\/uwf-online.de\/index.php?rest_route=\/wp\/v2\/pages\/191"}],"wp:attachment":[{"href":"https:\/\/uwf-online.de\/index.php?rest_route=%2Fwp%2Fv2%2Fmedia&parent=208"}],"curies":[{"name":"wp","href":"https:\/\/api.w.org\/{rel}","templated":true}]}}