{"id":212,"date":"2011-02-21T15:39:54","date_gmt":"2011-02-21T15:39:54","guid":{"rendered":"http:\/\/uwflintbek.wordpress.com\/?page_id=212"},"modified":"2013-01-02T09:52:32","modified_gmt":"2013-01-02T09:52:32","slug":"soziales","status":"publish","type":"page","link":"https:\/\/uwf-online.de\/?page_id=212","title":{"rendered":"Soziales"},"content":{"rendered":"<p>Kommunale Sozialpolitik unterscheidet man nach den freiwilligen Selbstverwaltungsaufgaben, den pflichtigen\u00a0Selbstverwaltungsaufgaben, den Pflichtaufgaben\u00a0zur Erf\u00fcllung nach Weisung und den Auftragsangelegenheiten. Pflichtaufgaben\u00a0bestehen demnach aus den pflichtigen\u00a0Selbstverwaltungsaufgaben\u00a0und den Pflichtaufgaben\u00a0zur Erf\u00fcllung nach Weisung. Bei den pflichtigen\u00a0Selbstverwaltungsaufgaben\u00a0kann die Gemeinde in der Regel nicht \u00fcber das \u201eOb\u201c, sondern nur \u00fcber das \u201eWie\u201c entscheiden, beispielsweise wenn das Landesrecht Kommunen einer bestimmten Gr\u00f6\u00dfe verpflichtet, die Aufgaben des \u00f6rtlichen Tr\u00e4gers der Sozialhilfe zu \u00fcbernehmen und es den Kommunen dabei \u00fcberlassen bleibt, wie diese Aufgabe organisatorisch in die Kommunalverwaltung einbezogen wird. Bei den Pflichtaufgaben\u00a0zur Erf\u00fcllung nach Weisung nimmt die Gemeinde Aufgaben wahr, f\u00fcr die der Staat Weisungen an die Kommunen zu Art und Umfang der Durchf\u00fchrung erlassen hat. Das ist zum Beispiel bei der Aufnahme von Fl\u00fcchtlingen der Fall.<\/p>\n<p>F\u00fcr die UWF\u00a0ist engagierte Sozialpolitik eine Herzensaufgabe.\u00a0Trotz oder gerade weil\u00a0die engen finanziellen Spielr\u00e4ume\u00a0der Kommunalpolitik\u00a0oft Grenzen setzen.\u00a0\u00a0Die tiefgreifenden Reformen der Arbeits- und Sozialpolitik in den letzten Jahren mit erheblichen rechtlichen, finanziellen, organisatorischen und personalwirtschaftlichen\u00a0Auswirkungen auf die kreisangeh\u00f6rigen Kommunen stellen die Sozialpolitik\u00a0auch in Flintbek\u00a0vor neue Herausforderungen. Den ver\u00e4nderten Rahmenbedingungen gilt es durch eine Neuausrichtung kommunaler Sozialpolitik zu begegnen.<\/p>\n<p>Die absehbaren Herausforderungen durch die Bev\u00f6lkerungsentwicklung, aber auch die erforderlichen Integrationsleistungen\u00a0f\u00fcr Menschen mit Migrationshintergrund\u00a0oder die Betreuung und Versorgung behinderter, pflegebed\u00fcrftiger und alter Menschen werden zuk\u00fcnftig einen besonderen Stellenwert in der kommunalen Sozialpolitik einnehmen. Unsere Sozialpolitik will die Menschen nicht in der Abh\u00e4ngigkeit versorgen, sondern ihnen helfen, ihr eigenes Leben selbstbestimmt\u00a0zu bew\u00e4ltigen, um\u00a0k\u00fcnftigen Sozialleistungsbezug\u00a0oder Beratungsbedarf\u00a0zu reduzieren bzw. zu vermeiden. Unser Ziel ist es, bedarfsgerechte Angebote zu initiieren und zu f\u00f6rdern, um die gesellschaftliche Teilhabe aller zu erm\u00f6glichen und soziale\u00a0Benachteiligungen zu verhindern bzw. zu mildern.<\/p>\n<p>Dazu m\u00fcssen vermehrt\u00a0Kooperation mit den freien Tr\u00e4gern der Wohlfahrtspflege, den Kirchen, Verb\u00e4nden, Unternehmen und anderen Institutionen gesucht werden, wobei zugleich Priorit\u00e4ten festgelegt werden sollten. Zwingend ist zudem eine enge interkommunale Abstimmung sowohl mit Nachbarkommunen\u00a0als auch auf Kreisebene, um eine angemessene Versorgungsdichte\u00a0und Auslastung sozialer Hilfestrukturen\u00a0zu erreichen. Insbesondere auch in Bereichen wie Pflege und Gesundheit, bei denen origin\u00e4r die Kreisebene zust\u00e4ndig ist, stellt sich die Notwendigkeit einer st\u00e4rkeren Verkn\u00fcpfung mit den gemeindlichen Kompetenzen. Um ein angemessenes wohnortnahes\u00a0Angebot zu gew\u00e4hrleisten, sind die entsprechenden Planungsprozesse \u00f6rtlich auszurichten und sollten Handlungskonzepte auch f\u00fcr die Gemeindeebene erarbeitet werden.<\/p>\n<p>Im Bereich der freiwilligen Selbstverwaltung will die UWF\u00a0alles unternehmen, um den Erhalt des Freibades, der Sportst\u00e4tten, der Volkshochschule, des Jugendheimes\u00a0&#8222;Pf\u00fctze&#8220; und der Gemeindeb\u00fccherei\u00a0unter Ber\u00fccksichtigung der vorhandenen Haushaltslage sicherzustellen. Die Bereitstellung von Hilfen f\u00fcr benachteiligte Bev\u00f6lkerungsgruppen durch die Sozialstation ist eine weitere wichtige Aufgabe.<\/p>\n","protected":false},"excerpt":{"rendered":"<p>Kommunale Sozialpolitik unterscheidet man nach den freiwilligen Selbstverwaltungsaufgaben, den pflichtigen\u00a0Selbstverwaltungsaufgaben, den Pflichtaufgaben\u00a0zur Erf\u00fcllung nach Weisung und den Auftragsangelegenheiten. Pflichtaufgaben\u00a0bestehen demnach aus den pflichtigen\u00a0Selbstverwaltungsaufgaben\u00a0und den Pflichtaufgaben\u00a0zur Erf\u00fcllung nach Weisung. Bei den pflichtigen\u00a0Selbstverwaltungsaufgaben\u00a0kann die Gemeinde in der Regel nicht \u00fcber das \u201eOb\u201c, sondern nur \u00fcber das \u201eWie\u201c entscheiden, beispielsweise wenn das Landesrecht Kommunen einer bestimmten Gr\u00f6\u00dfe verpflichtet, [&hellip;]<\/p>\n","protected":false},"author":2,"featured_media":0,"parent":191,"menu_order":0,"comment_status":"closed","ping_status":"closed","template":"","meta":{"footnotes":""},"class_list":["post-212","page","type-page","status-publish","hentry","entry"],"_links":{"self":[{"href":"https:\/\/uwf-online.de\/index.php?rest_route=\/wp\/v2\/pages\/212","targetHints":{"allow":["GET"]}}],"collection":[{"href":"https:\/\/uwf-online.de\/index.php?rest_route=\/wp\/v2\/pages"}],"about":[{"href":"https:\/\/uwf-online.de\/index.php?rest_route=\/wp\/v2\/types\/page"}],"author":[{"embeddable":true,"href":"https:\/\/uwf-online.de\/index.php?rest_route=\/wp\/v2\/users\/2"}],"replies":[{"embeddable":true,"href":"https:\/\/uwf-online.de\/index.php?rest_route=%2Fwp%2Fv2%2Fcomments&post=212"}],"version-history":[{"count":2,"href":"https:\/\/uwf-online.de\/index.php?rest_route=\/wp\/v2\/pages\/212\/revisions"}],"predecessor-version":[{"id":1233,"href":"https:\/\/uwf-online.de\/index.php?rest_route=\/wp\/v2\/pages\/212\/revisions\/1233"}],"up":[{"embeddable":true,"href":"https:\/\/uwf-online.de\/index.php?rest_route=\/wp\/v2\/pages\/191"}],"wp:attachment":[{"href":"https:\/\/uwf-online.de\/index.php?rest_route=%2Fwp%2Fv2%2Fmedia&parent=212"}],"curies":[{"name":"wp","href":"https:\/\/api.w.org\/{rel}","templated":true}]}}