{"id":214,"date":"2011-02-21T15:41:20","date_gmt":"2011-02-21T15:41:20","guid":{"rendered":"http:\/\/uwflintbek.wordpress.com\/?page_id=214"},"modified":"2012-11-28T07:58:56","modified_gmt":"2012-11-28T07:58:56","slug":"finanzen","status":"publish","type":"page","link":"https:\/\/uwf-online.de\/?page_id=214","title":{"rendered":"Finanzen"},"content":{"rendered":"<p>Der demografische Wandel wird auch in Flintbek in hohem Ma\u00dfe unseren \u00f6ffentlichen Haushalt beeinflussen. Den zuk\u00fcnftigen Ausgabenrisiken\u00a0infolge steigender Soziallasten\u00a0und den sinkenden Einnahmen infolge\u00a0r\u00fcckl\u00e4ufiger Einwohnerzahlen kann Flintbek nur durch strikte vom Schuldenabbau\u00a0geleitete Haushaltspolitik begegnen. Im Interesse der Generationengerechtigkeit\u00a0muss darauf geachtet werden, dass zuk\u00fcnftige Generationen nicht mit Einrichtungen, Verwaltungen und Infrastrukturen belastet werden, deren Finanzierbarkeit erkennbar nicht gew\u00e4hrleistet werden kann.<\/p>\n<p>Die Haushaltslage ist nicht allein durch Steuer- und Abgabenerh\u00f6hungen \u2013 wie oftmals von den anderen Fraktionen gefordert\u00a0 &#8211;\u00a0 sondern bspw. auch durch die Ausweisung neuer Baugebiete und eine erfolgreichere Vermarktung der Gewerbefl\u00e4chen zu verbessern. Das Steueraufkommen in unserem Haushalt ist schlie\u00dflich auch an das wirtschaftliche Wachstum in unserer Gemeinde gebunden.\u00a0<\/p>\n<p>Unabh\u00e4ngig davon sind wir weiterhin davon \u00fcberzeugt, dass eine an wirtschaftlichen Kriterien ausgerichtete Zusammenlegung von Verwaltungseinheiten (z.B. mit dem Amt Molfsee) einen wesentlichen Beitrag f\u00fcr eine effizientere Verwaltungsstruktur leisten k\u00f6nnte. Letztlich tragen auch eingesparte Verwaltungsaufwendungen zur Verbesserung der Haushaltslage bei.<\/p>\n<p>Um auch in Zukunft die erforderlichen \u00f6ffentlichen Pflichtleistungen (z.B. Abwasserentsorgung, Stra\u00dfenunterhalt, Unterhalt \u00f6ffentlicher Liegenschaften) sicherstellen zu k\u00f6nnen, gilt es noch st\u00e4rker die\u00a0Einfl\u00fcsse auf die Einnahmen- und Ausgabenseite zu verfolgen und die notwendigen Schlu\u00dffolgerungen\u00a0daraus zu ziehen. Hierzu vertritt die UWF u.a. folgende Ansichten:<\/p>\n<ul>\n<li>Zu einer strikten Haushaltskonsolidierung gibt es keine Alternative.<\/li>\n<li>Alle \u00f6ffentlichen Leistungen werden grunds\u00e4tzlich auf den Pr\u00fcfstand gestellt. Die Gemeinde Flintbek\u00a0muss sich auf ihre Kern- und Pflichtaufgaben\u00a0konzentrieren. Ma\u00dfstab ist die finanzielle Handlungsf\u00e4higkeit Flintbeks.<\/li>\n<li>Dem erheblichen R\u00fcckgang der Geburtenzahlen muss durch z.B. Konzentration\/Zusammenlegung, interkommunale Zusammenarbeit\u00a0\u00a0im Bereich \u00f6ffentlicher Leistungen Rechnung getragen werden.<\/li>\n<li>Geb\u00fchren, die\u00a0f\u00fcr \u00f6ffentliche Leistungen erhoben werden, m\u00fcssen rechtzeitig angepasst werden,\u00a0um eine Kostendeckung f\u00fcr die Allgemeinheit sicherzustellen.<\/li>\n<li>Freiwillige Leistungen stehen grunds\u00e4tzlich unter Finanzierungsvorbehalt. Eine Finanzierung &#8222;auf Pump&#8220; zulasten der nachfolgenden Generation darf es zuk\u00fcnftig nicht mehr geben.<\/li>\n<li>Die Tragf\u00e4higkeit\u00a0\u00f6ffentlicher Infrastrukturen, insbesondere im Bereich der freiwilligen Leistungen (B\u00fccherei, Volkshochschule, Sportst\u00e4tten) ist durch interkommunale Zusammenarbeit zu verbessern.<\/li>\n<li>Die Gr\u00f6\u00dfe der Verwaltung muss begrenzt und nach M\u00f6glichkeit reduziert werden, um auch k\u00fcnftig bezahlbar zu bleiben. Alle technischen und organisatorischen M\u00f6glichkeiten zur Erh\u00f6hung der Effizienz der Verwaltung sind auszusch\u00f6pfen.<\/li>\n<\/ul>\n","protected":false},"excerpt":{"rendered":"<p>Der demografische Wandel wird auch in Flintbek in hohem Ma\u00dfe unseren \u00f6ffentlichen Haushalt beeinflussen. Den zuk\u00fcnftigen Ausgabenrisiken\u00a0infolge steigender Soziallasten\u00a0und den sinkenden Einnahmen infolge\u00a0r\u00fcckl\u00e4ufiger Einwohnerzahlen kann Flintbek nur durch strikte vom Schuldenabbau\u00a0geleitete Haushaltspolitik begegnen. Im Interesse der Generationengerechtigkeit\u00a0muss darauf geachtet werden, dass zuk\u00fcnftige Generationen nicht mit Einrichtungen, Verwaltungen und Infrastrukturen belastet werden, deren Finanzierbarkeit erkennbar nicht [&hellip;]<\/p>\n","protected":false},"author":2,"featured_media":0,"parent":191,"menu_order":0,"comment_status":"closed","ping_status":"closed","template":"","meta":{"footnotes":""},"class_list":["post-214","page","type-page","status-publish","hentry","entry"],"_links":{"self":[{"href":"https:\/\/uwf-online.de\/index.php?rest_route=\/wp\/v2\/pages\/214","targetHints":{"allow":["GET"]}}],"collection":[{"href":"https:\/\/uwf-online.de\/index.php?rest_route=\/wp\/v2\/pages"}],"about":[{"href":"https:\/\/uwf-online.de\/index.php?rest_route=\/wp\/v2\/types\/page"}],"author":[{"embeddable":true,"href":"https:\/\/uwf-online.de\/index.php?rest_route=\/wp\/v2\/users\/2"}],"replies":[{"embeddable":true,"href":"https:\/\/uwf-online.de\/index.php?rest_route=%2Fwp%2Fv2%2Fcomments&post=214"}],"version-history":[{"count":3,"href":"https:\/\/uwf-online.de\/index.php?rest_route=\/wp\/v2\/pages\/214\/revisions"}],"predecessor-version":[{"id":1210,"href":"https:\/\/uwf-online.de\/index.php?rest_route=\/wp\/v2\/pages\/214\/revisions\/1210"}],"up":[{"embeddable":true,"href":"https:\/\/uwf-online.de\/index.php?rest_route=\/wp\/v2\/pages\/191"}],"wp:attachment":[{"href":"https:\/\/uwf-online.de\/index.php?rest_route=%2Fwp%2Fv2%2Fmedia&parent=214"}],"curies":[{"name":"wp","href":"https:\/\/api.w.org\/{rel}","templated":true}]}}