{"id":230,"date":"2011-02-21T15:55:08","date_gmt":"2011-02-21T15:55:08","guid":{"rendered":"http:\/\/uwflintbek.wordpress.com\/?page_id=230"},"modified":"2011-02-21T15:55:08","modified_gmt":"2011-02-21T15:55:08","slug":"senioren","status":"publish","type":"page","link":"https:\/\/uwf-online.de\/?page_id=230","title":{"rendered":"Senioren"},"content":{"rendered":"<p>Die Frage\u00a0\u201e<strong>Wie verbessert Flintbek seine Generationenfreundlichkeit?<\/strong>\u201c erfordert kreative Antworten.\u00a0\u00a0<\/p>\n<p>Die Generationenfreundlichkeit\u00a0erh\u00f6hen wir in unserer Gemeinde, indem wir den W\u00fcnschen und Bed\u00fcrfnissen aller Generationen in Flintbek unsere Aufmerksamkeit schenken. Alter ist kein kalendarisch definierbarer Begriff. Bei einer nachhaltigen Seniorenpolitik\u00a0muss es darum besonders um die Frage gehen, wie die heterogenen Bed\u00fcrfnisse und Kompetenzen der &#8222;jungen&#8220; und &#8222;\u00e4lteren&#8220; Senioren gleicherma\u00dfen ber\u00fccksichtigt werden k\u00f6nnen.<\/p>\n<p>Der demografische Wandel stellt auch f\u00fcr eine kleine Gemeinde wie Flintbek eine erhebliche Herausforderung dar.\u00a0Die \u00e4lteren Menschen stehen nicht nur im Mittelpunkt\u00a0dieses\u00a0Wandels; ihre Situation ist zus\u00e4tzlich gekennzeichnet durch ver\u00e4nderte Besch\u00e4ftigungs- und Familienstrukturen. In der Kombination von sinkenden Geburtenziffern, nachlassender Heirats- bzw. Wiederverheiratungsneigung, einer Zunahme alleinstehender verwitweter Menschen im hohen Lebensalter sowie einer erh\u00f6hten gesellschaftlichen Mobilit\u00e4t ver\u00e4ndern sich die Formen des Zusammenlebens. K\u00fcnftig wird die \u00e4ltere Generation weniger in traditionelle famili\u00e4re Strukturen eingebettet sein. Das Hauptziel unserer Seniorenpolitik\u00a0ist deshalb die F\u00f6rderung der Teilnahme am gesellschaftlichen Leben. Dies kann im Einzelfall die Unterst\u00fctzung zur Selbsthilfe, die Verkn\u00fcpfung von Eigenengagement mit Fremdhilfe oder die umfassende Betreuung und Versorgung bedeuten.<\/p>\n<p>Ein seniorengerechtes\u00a0Flintbek bedeutet f\u00fcr uns auch: sichere Fu\u00dfwege, begehbare Wanderwege und die Vermeidung von Barrieren zwischen Jung und Alt. Hier sind Projekte wie z. B.\u00a0die Nutzung der Schulcomputer\u00a0f\u00fcr die Seniorinnen und Senioren\u00a0nach Schulschluss auch f\u00fcr Flintbek ein richtiger Weg. Wir werden die Arbeit des Seniorenbeirats bei der Umsetzung solcher und \u00e4hnlicher Projekte unterst\u00fctzen.<\/p>\n","protected":false},"excerpt":{"rendered":"<p>Die Frage\u00a0\u201eWie verbessert Flintbek seine Generationenfreundlichkeit?\u201c erfordert kreative Antworten.\u00a0\u00a0 Die Generationenfreundlichkeit\u00a0erh\u00f6hen wir in unserer Gemeinde, indem wir den W\u00fcnschen und Bed\u00fcrfnissen aller Generationen in Flintbek unsere Aufmerksamkeit schenken. Alter ist kein kalendarisch definierbarer Begriff. Bei einer nachhaltigen Seniorenpolitik\u00a0muss es darum besonders um die Frage gehen, wie die heterogenen Bed\u00fcrfnisse und Kompetenzen der &#8222;jungen&#8220; und &#8222;\u00e4lteren&#8220; [&hellip;]<\/p>\n","protected":false},"author":2,"featured_media":0,"parent":191,"menu_order":0,"comment_status":"closed","ping_status":"closed","template":"fullwidth-page.php","meta":{"footnotes":""},"class_list":["post-230","page","type-page","status-publish","hentry","entry"],"_links":{"self":[{"href":"https:\/\/uwf-online.de\/index.php?rest_route=\/wp\/v2\/pages\/230","targetHints":{"allow":["GET"]}}],"collection":[{"href":"https:\/\/uwf-online.de\/index.php?rest_route=\/wp\/v2\/pages"}],"about":[{"href":"https:\/\/uwf-online.de\/index.php?rest_route=\/wp\/v2\/types\/page"}],"author":[{"embeddable":true,"href":"https:\/\/uwf-online.de\/index.php?rest_route=\/wp\/v2\/users\/2"}],"replies":[{"embeddable":true,"href":"https:\/\/uwf-online.de\/index.php?rest_route=%2Fwp%2Fv2%2Fcomments&post=230"}],"version-history":[{"count":1,"href":"https:\/\/uwf-online.de\/index.php?rest_route=\/wp\/v2\/pages\/230\/revisions"}],"predecessor-version":[{"id":1214,"href":"https:\/\/uwf-online.de\/index.php?rest_route=\/wp\/v2\/pages\/230\/revisions\/1214"}],"up":[{"embeddable":true,"href":"https:\/\/uwf-online.de\/index.php?rest_route=\/wp\/v2\/pages\/191"}],"wp:attachment":[{"href":"https:\/\/uwf-online.de\/index.php?rest_route=%2Fwp%2Fv2%2Fmedia&parent=230"}],"curies":[{"name":"wp","href":"https:\/\/api.w.org\/{rel}","templated":true}]}}