{"id":2744,"date":"2023-04-29T09:49:36","date_gmt":"2023-04-29T07:49:36","guid":{"rendered":"https:\/\/uwf-online.de\/?page_id=2744"},"modified":"2023-04-29T09:57:51","modified_gmt":"2023-04-29T07:57:51","slug":"wahlpruefsteine-der-klimagruppe-flintbek","status":"publish","type":"page","link":"https:\/\/uwf-online.de\/?page_id=2744","title":{"rendered":"Wahlpr\u00fcfsteine der Klimagruppe Flintbek 2023"},"content":{"rendered":"\n<p>Am 22.03.23 \u00fcbersandte die Klimagruppe Flintbek eine Anfrage zum Thema klimarelevante Themen dahingehend, dass sich die UWF im Rahmen sogenannter Wahlpr\u00fcfsteine zur Kommunalwahl 2023 zu Fragekomplexen \u00e4u\u00dfern sollte. Nachfolgend sowohl die Anfrage als auch die Antwort der UWF zu diesem Thema.<\/p>\n\n\n<a href=\"https:\/\/uwf-online.de\/wp-content\/uploads\/2023\/04\/20230129-WahlpruefsteineKommunalwahl2023.pdf\" class=\"pdfemb-viewer\" style=\"width:1024px;\" data-width=\"1024\" data-height=\"max\" data-toolbar=\"bottom\" data-toolbar-fixed=\"on\">20230129-WahlpruefsteineKommunalwahl2023<\/a>\n<p class=\"wp-block-pdfemb-pdf-embedder-viewer\"><\/p>\n\n\n<a href=\"https:\/\/uwf-online.de\/wp-content\/uploads\/2023\/04\/Antwort-Wahlpruefsteine_Klimagruppe-HG-29.03.2023.pdf\" class=\"pdfemb-viewer\" style=\"width:1024px;\" data-width=\"1024\" data-height=\"max\" data-toolbar=\"bottom\" data-toolbar-fixed=\"on\">Antwort-Wahlpruefsteine_Klimagruppe-HG-29.03.2023<\/a>\n<p class=\"wp-block-pdfemb-pdf-embedder-viewer\"><\/p>\n","protected":false},"excerpt":{"rendered":"<p>Am 22.03.23 \u00fcbersandte die Klimagruppe Flintbek eine Anfrage zum Thema klimarelevante Themen dahingehend, dass sich die UWF im Rahmen sogenannter Wahlpr\u00fcfsteine zur Kommunalwahl 2023 zu Fragekomplexen \u00e4u\u00dfern sollte. Nachfolgend sowohl die Anfrage als auch die Antwort der UWF zu diesem Thema.<\/p>\n","protected":false},"author":2,"featured_media":0,"parent":0,"menu_order":0,"comment_status":"closed","ping_status":"closed","template":"","meta":{"footnotes":""},"class_list":["post-2744","page","type-page","status-publish","hentry","entry"],"_links":{"self":[{"href":"https:\/\/uwf-online.de\/index.php?rest_route=\/wp\/v2\/pages\/2744","targetHints":{"allow":["GET"]}}],"collection":[{"href":"https:\/\/uwf-online.de\/index.php?rest_route=\/wp\/v2\/pages"}],"about":[{"href":"https:\/\/uwf-online.de\/index.php?rest_route=\/wp\/v2\/types\/page"}],"author":[{"embeddable":true,"href":"https:\/\/uwf-online.de\/index.php?rest_route=\/wp\/v2\/users\/2"}],"replies":[{"embeddable":true,"href":"https:\/\/uwf-online.de\/index.php?rest_route=%2Fwp%2Fv2%2Fcomments&post=2744"}],"version-history":[{"count":2,"href":"https:\/\/uwf-online.de\/index.php?rest_route=\/wp\/v2\/pages\/2744\/revisions"}],"predecessor-version":[{"id":2749,"href":"https:\/\/uwf-online.de\/index.php?rest_route=\/wp\/v2\/pages\/2744\/revisions\/2749"}],"wp:attachment":[{"href":"https:\/\/uwf-online.de\/index.php?rest_route=%2Fwp%2Fv2%2Fmedia&parent=2744"}],"curies":[{"name":"wp","href":"https:\/\/api.w.org\/{rel}","templated":true}]}}