{"id":787,"date":"2011-09-08T09:35:45","date_gmt":"2011-09-08T09:35:45","guid":{"rendered":"https:\/\/uwf-online.de\/?page_id=787"},"modified":"2018-05-23T14:49:31","modified_gmt":"2018-05-23T14:49:31","slug":"impressum","status":"publish","type":"page","link":"https:\/\/uwf-online.de\/?page_id=787","title":{"rendered":"Impressum\/Datenschutz"},"content":{"rendered":"<h3><span style=\"color: #000080;\"><strong>Angaben gem\u00e4\u00df \u00a7 5 TMG\/<\/strong><strong>Verantwortlich f\u00fcr den Inhalt nach \u00a7 55 Abs. 2 RStV<\/strong><\/span><\/h3>\n<address>Stefan Hansen<\/address>\n<address>Unabh\u00e4ngige W\u00e4hlergemeinschaft Flintbek (UWF)<\/address>\n<address>Amselring 22<\/address>\n<address>24220 Flintbek<\/address>\n<address>Tel.: 04347\/709410<\/address>\n<address>E-Mail: stefan.hansen@kohlhammer.de<\/address>\n<h3><\/h3>\n<p>Die Verwendung des Wappens der Gemeinde Flintbek erfolgte mit freundlicher Genehmigung des B\u00fcrgermeisters der Gemeinde Flintbek.<\/p>\n<h3><\/h3>\n<h3><span style=\"color: #000080;\"><strong>Haftung f\u00fcr Inhalte<\/strong><\/span><\/h3>\n<p>Die Inhalte unserer Seiten wurden mit gr\u00f6\u00dfter Sorgfalt erstellt. F\u00fcr die Richtigkeit, Vollst\u00e4ndigkeit und Aktualit\u00e4t der Inhalte k\u00f6nnen wir jedoch keine Gew\u00e4hr \u00fcbernehmen. Als Diensteanbieter sind wir gem\u00e4\u00df \u00a7 7 Abs.1 TMG f\u00fcr eigene Inhalte auf diesen Seiten nach den allgemeinen Gesetzen verantwortlich. Nach \u00a7\u00a7 8 bis 10 TMG sind wir als Diensteanbieter jedoch nicht verpflichtet, \u00fcbermittelte oder gespeicherte fremde Informationen zu \u00fcberwachen oder nach Umst\u00e4nden zu forschen, die auf eine rechtswidrige T\u00e4tigkeit hinweisen. Verpflichtungen zur Entfernung oder Sperrung der Nutzung von Informationen nach den allgemeinen Gesetzen bleiben hiervon unber\u00fchrt. Eine diesbez\u00fcgliche Haftung ist jedoch erst ab dem Zeitpunkt der Kenntnis einer konkreten Rechtsverletzung m\u00f6glich. Bei Bekanntwerden von entsprechenden Rechtsverletzungen werden wir diese Inhalte umgehend entfernen.<\/p>\n<h3><span style=\"color: #000080;\"><strong>Haftungsausschluss f\u00fcr Links und eingebettete Seiten<\/strong><\/span><\/h3>\n<p>Unser Angebot enth\u00e4lt Links zu externen Webseiten Dritter bzw. eingebettete Inhalte anderer Websites\u00a0 (z. B. Videos, Bilder, Beitr\u00e4ge etc.), auf deren Inhalte wir keinen Einfluss haben. Deshalb k\u00f6nnen wir f\u00fcr diese fremden Inhalte auch keine Gew\u00e4hr \u00fcbernehmen. F\u00fcr die Inhalte der verlinkten bzw. eingebetteten Seiten ist stets der jeweilige Anbieter oder Betreiber der Seiten verantwortlich. Die verlinkten Seiten bzw. eingebetteten Inhalte wurden zum Zeitpunkt der Verlinkung auf m\u00f6gliche Rechtsverst\u00f6\u00dfe \u00fcberpr\u00fcft. Rechtswidrige Inhalte waren zu diesem\u00a0Zeitpunkt nicht erkennbar. Eine permanente inhaltliche Kontrolle\u00a0 ist jedoch ohne konkrete Anhaltspunkte einer Rechtsverletzung nicht zumutbar. Bei Bekanntwerden von Rechtsverletzungen werden wir derartige Links\u00a0bzw. Inhalte\u00a0umgehend entfernen.<\/p>\n<h3><span style=\"color: #000080;\"><strong>Urheberrecht<\/strong><\/span><\/h3>\n<p>Die durch die Seitenbetreiber erstellten Inhalte und Werke auf diesen Seiten unterliegen dem deutschen Urheberrecht. Die Vervielf\u00e4ltigung, Bearbeitung, Verbreitung und jede Art der Verwertung au\u00dferhalb der Grenzen des Urheberrechtes bed\u00fcrfen der schriftlichen Zustimmung des jeweiligen Autors bzw. Erstellers. Downloads und Kopien dieser Seite sind nur f\u00fcr den privaten, nicht kommerziellen Gebrauch gestattet. Soweit die Inhalte auf dieser Seite nicht vom Betreiber erstellt wurden, werden die Urheberrechte Dritter beachtet. Insbesondere werden Inhalte Dritter als solche gekennzeichnet. Sollten Sie trotzdem auf eine Urheberrechtsverletzung aufmerksam werden, bitten wir um einen entsprechenden Hinweis. Bei Bekanntwerden von Rechtsverletzungen werden wir derartige Inhalte umgehend entfernen.<\/p>\n<h3><span style=\"color: #000080;\"><strong>Datenschutz<\/strong><\/span><\/h3>\n<p>Die Nutzung unserer Webseite ist ohne Angabe personenbezogener Daten m\u00f6glich. Personenbezogene Daten (beispielsweise Name, Anschrift,\u00a0IP-Adresse Ihres Rechners oder\u00a0eMail-Adressen) erheben wir nicht. Personenbezogene Nutzerprofile k\u00f6nnen daher nicht erstellt werden.\u00a0Durch uns\u00a0werden keine Techniken verwendet, die dazu dienen, das Zugriffsverhalten einzelner Nutzer nachvollziehen zu k\u00f6nnen.<\/p>\n<p>Eingebettete Inhalte von anderen Websites verhalten sich exakt so, als ob der Besucher die andere Website besucht h\u00e4tte. Diese Websites k\u00f6nnen Daten \u00fcber den Nutzer sammeln, Cookies benutzen, zus\u00e4tzliche Tracking-Dienste von Dritten einbetten und die Interaktion mit diesem eingebetteten Inhalt aufzeichnen, inklusive der Interaktion mit dem eingebetteten Inhalt, falls der Nutzer ein Konto hat und auf dieser Website angemeldet ist.<\/p>\n<p>Wir weisen darauf hin, dass die Daten\u00fcbertragung im Internet (z.B. bei der Kommunikation per E-Mail) Sicherheitsl\u00fccken aufweisen kann. Ein l\u00fcckenloser Schutz der Daten vor dem Zugriff durch Dritte ist nicht m\u00f6glich.<\/p>\n<p>Der Nutzung von im Rahmen der Impressumspflicht ver\u00f6ffentlichten Kontaktdaten durch Dritte zur \u00dcbersendung von nicht ausdr\u00fccklich angeforderter Werbung und Informationsmaterialien wird hiermit ausdr\u00fccklich widersprochen. Die Betreiber der Seiten behalten sich ausdr\u00fccklich rechtliche Schritte im Falle der unverlangten Zusendung von Werbeinformationen, etwa durch Spam-Mails, vor.<\/p>\n<h3><span style=\"color: #000080;\"><strong>Unser Facebook-Auftritt<\/strong><\/span><\/h3>\n<p>Die UWF ist auch bei Facebook vertreten. Unsere dortige Website verwendet Funktionen von Facebook Inc., 1601 S. California Ave, Palo Alto, CA 94304, USA . Bei Aufruf dieser Seiten mit Facebook-Plug-Ins wird eine Verbindung zwischen Ihrem Browser und den Servern von Facebook aufgebaut. Dabei werden bereits Daten an Facebook \u00fcbertragen. Besitzen Sie einen Facebook-Account, k\u00f6nnen diese Daten damit verkn\u00fcpft werden. Wenn Sie keine Zuordnung dieser Daten zu Ihrem Facebook-Account w\u00fcnschen, loggen Sie sich bitte vor dem Besuch unserer Seite bei Facebook aus. Interaktionen, insbesondere das Nutzen einer Kommentarfunktion oder das Anklicken eines \u201eLike\u201c- oder \u201eTeilen\u201c-Buttons werden ebenfalls an Facebook weitergegeben.<\/p>\n<p>Mehr erfahren Sie unter <a href=\"https:\/\/de-de.facebook.com\/about\/privacy\" target=\"_blank\" rel=\"noopener\">https:\/\/de-de.facebook.com\/about\/privacy<\/a><\/p>\n","protected":false},"excerpt":{"rendered":"<p>Angaben gem\u00e4\u00df \u00a7 5 TMG\/Verantwortlich f\u00fcr den Inhalt nach \u00a7 55 Abs. 2 RStV Stefan Hansen Unabh\u00e4ngige W\u00e4hlergemeinschaft Flintbek (UWF) Amselring 22 24220 Flintbek Tel.: 04347\/709410 E-Mail: stefan.hansen@kohlhammer.de Die Verwendung des Wappens der Gemeinde Flintbek erfolgte mit freundlicher Genehmigung des B\u00fcrgermeisters der Gemeinde Flintbek. Haftung f\u00fcr Inhalte Die Inhalte unserer Seiten wurden mit gr\u00f6\u00dfter Sorgfalt [&hellip;]<\/p>\n","protected":false},"author":2,"featured_media":0,"parent":0,"menu_order":0,"comment_status":"closed","ping_status":"closed","template":"","meta":{"footnotes":""},"class_list":["post-787","page","type-page","status-publish","hentry","entry"],"_links":{"self":[{"href":"https:\/\/uwf-online.de\/index.php?rest_route=\/wp\/v2\/pages\/787","targetHints":{"allow":["GET"]}}],"collection":[{"href":"https:\/\/uwf-online.de\/index.php?rest_route=\/wp\/v2\/pages"}],"about":[{"href":"https:\/\/uwf-online.de\/index.php?rest_route=\/wp\/v2\/types\/page"}],"author":[{"embeddable":true,"href":"https:\/\/uwf-online.de\/index.php?rest_route=\/wp\/v2\/users\/2"}],"replies":[{"embeddable":true,"href":"https:\/\/uwf-online.de\/index.php?rest_route=%2Fwp%2Fv2%2Fcomments&post=787"}],"version-history":[{"count":40,"href":"https:\/\/uwf-online.de\/index.php?rest_route=\/wp\/v2\/pages\/787\/revisions"}],"predecessor-version":[{"id":2082,"href":"https:\/\/uwf-online.de\/index.php?rest_route=\/wp\/v2\/pages\/787\/revisions\/2082"}],"wp:attachment":[{"href":"https:\/\/uwf-online.de\/index.php?rest_route=%2Fwp%2Fv2%2Fmedia&parent=787"}],"curies":[{"name":"wp","href":"https:\/\/api.w.org\/{rel}","templated":true}]}}